{"id":798,"date":"2024-06-18T23:29:48","date_gmt":"2024-06-19T03:29:48","guid":{"rendered":"http:\/\/erosecurity.ca\/accueil\/"},"modified":"2024-06-18T23:29:48","modified_gmt":"2024-06-19T03:29:48","slug":"accueil","status":"publish","type":"page","link":"https:\/\/erosecurity.ca\/fr\/","title":{"rendered":"Accueil"},"content":{"rendered":"","protected":false},"excerpt":{"rendered":"","protected":false},"author":1,"featured_media":732,"parent":0,"menu_order":0,"comment_status":"closed","ping_status":"closed","template":"","meta":{"_seopress_robots_primary_cat":"","_seopress_titles_title":"Ero S\u00e9curit\u00e9 | S\u00e9curit\u00e9 Priv\u00e9 | Protection Ex\u00e9cutive","_seopress_titles_desc":"D\u00e9couvrez les solutions de s\u00e9curit\u00e9 de Ero S\u00e9curit\u00e9. L'\u00e9quipe d'experts propose des services de protection des cadres, de cybers\u00e9curit\u00e9, de gardiennage et des solutions de s\u00e9curit\u00e9 compl\u00e8tes.","_seopress_robots_index":"","footnotes":""},"class_list":["post-798","page","type-page","status-publish","has-post-thumbnail","hentry"],"_links":{"self":[{"href":"https:\/\/erosecurity.ca\/fr\/wp-json\/wp\/v2\/pages\/798","targetHints":{"allow":["GET"]}}],"collection":[{"href":"https:\/\/erosecurity.ca\/fr\/wp-json\/wp\/v2\/pages"}],"about":[{"href":"https:\/\/erosecurity.ca\/fr\/wp-json\/wp\/v2\/types\/page"}],"author":[{"embeddable":true,"href":"https:\/\/erosecurity.ca\/fr\/wp-json\/wp\/v2\/users\/1"}],"replies":[{"embeddable":true,"href":"https:\/\/erosecurity.ca\/fr\/wp-json\/wp\/v2\/comments?post=798"}],"version-history":[{"count":0,"href":"https:\/\/erosecurity.ca\/fr\/wp-json\/wp\/v2\/pages\/798\/revisions"}],"wp:featuredmedia":[{"embeddable":true,"href":"https:\/\/erosecurity.ca\/fr\/wp-json\/wp\/v2\/media\/732"}],"wp:attachment":[{"href":"https:\/\/erosecurity.ca\/fr\/wp-json\/wp\/v2\/media?parent=798"}],"curies":[{"name":"wp","href":"https:\/\/api.w.org\/{rel}","templated":true}]}}